{"id":365,"date":"2014-01-11T23:31:39","date_gmt":"2014-01-11T23:31:39","guid":{"rendered":"https:\/\/grabadosquevedo.cl\/sitio\/?page_id=23"},"modified":"2025-05-08T16:10:09","modified_gmt":"2025-05-08T16:10:09","slug":"solicitud-de-numeros-y-letras","status":"publish","type":"page","link":"https:\/\/www.grabadosquevedo.cl\/sitio\/solicitud-de-numeros-y-letras\/","title":{"rendered":"Solicitud de N\u00fameros y Letras"},"content":{"rendered":"\n\t<section class=\"section\" id=\"section_82969666\">\n\t\t<div class=\"section-bg fill\" >\n\t\t\t\t\t\t\t\t\t\n\t\t\t\n\n\t\t<\/div>\n\n\t\t\n\n\t\t<div class=\"section-content relative\">\n\t\t\t\n<div class=\"row row-collapse align-center\" style=\"max-width:\" id=\"row-368756478\">\n\n\t<div id=\"col-1019036987\" class=\"col medium-10 small-12 large-12\"  >\n\t\t\t\t<div class=\"col-inner text-center\"  >\n\t\t\t\n\t\t\t\n\t<div id=\"text-808383146\" class=\"text\">\n\t\t\n<h5>Solicitud de N\u00fameros y Letras<\/h5>\n\t\t\n<style>\n#text-808383146 {\n  font-size: 1.8rem;\n  line-height: 1.1;\n  text-align: left;\n  color: #8bc242;\n}\n#text-808383146 > * {\n  color: #8bc242;\n}\n@media (min-width:550px) {\n  #text-808383146 {\n    line-height: 0.75;\n  }\n}\n<\/style>\n\t<\/div>\n\t\n<div class=\"is-divider divider clearfix\" style=\"max-width:11113px;height:1px;\"><\/div>\n\t<div id=\"text-4241706677\" class=\"text\">\n\t\t\n<p>Si desea una <strong>Solicitud de N\u00fameros y Letras<\/strong> podr\u00e1 solicitarla a trav\u00e9s de esta plantilla:<\/p>\n\t\t\n<style>\n#text-4241706677 {\n  font-size: 1.45rem;\n  line-height: 1.25;\n  text-align: left;\n  color: rgb(0,0,0);\n}\n#text-4241706677 > * {\n  color: rgb(0,0,0);\n}\n<\/style>\n\t<\/div>\n\t\n<div class=\"row row-large\"  id=\"row-162384674\">\n\n\t<div id=\"col-522903526\" class=\"col medium-12 small-12 large-12\"  >\n\t\t\t\t<div class=\"col-inner\"  >\n\t\t\t\n\t\t\t\n\t<div id=\"gap-525127435\" class=\"gap-element clearfix\" style=\"display:block; height:auto;\">\n\t\t\n<style>\n#gap-525127435 {\n  padding-top: 0;\n}\n<\/style>\n\t<\/div>\n\t\n<div class=\"row\"  id=\"row-2119412251\">\n\n\t<div id=\"col-1891773969\" class=\"col medium-6 small-12 large-6\"  >\n\t\t\t\t<div class=\"col-inner\" style=\"background-color:rgb(241, 241, 241);\" >\n\t\t\t\n\t\t\t\n\t<div id=\"text-2057573782\" class=\"text\">\n\t\t\n<h3>EJEMPLO EXCEL<\/h3>\n\t\t\n<style>\n#text-2057573782 {\n  font-size: 1.25rem;\n}\n<\/style>\n\t<\/div>\n\t\n<a href=\"https:\/\/www.grabadosquevedo.cl\/sitio\/wp-content\/uploads\/2025\/05\/Solicitud-de-Numeros-y-letras.xls\" target=\"_blank\" class=\"button primary\" rel=\"noopener\"  style=\"border-radius:13px;\">\n\t\t<span>aqui<\/span>\n\t<i class=\"icon-angle-right\" aria-hidden=\"true\" ><\/i><\/a>\n\n\t\t<\/div>\n\t\t\t\t\n<style>\n#col-1891773969 > .col-inner {\n  padding: 19px 9px 0px 9px;\n  margin: 0px 0px 0px 0px;\n}\n<\/style>\n\t<\/div>\n\n\t\n\n\t<div id=\"col-870219091\" class=\"col medium-6 small-12 large-6\"  >\n\t\t\t\t<div class=\"col-inner\" style=\"background-color:rgb(241, 241, 241);\" >\n\t\t\t\n\t\t\t\n\t<div id=\"text-73217149\" class=\"text\">\n\t\t\n<h3>O\u00a0 DESCARGAR<\/h3>\n\t\t\n<style>\n#text-73217149 {\n  font-size: 1.25rem;\n}\n<\/style>\n\t<\/div>\n\t\n<a href=\"https:\/\/www.grabadosquevedo.cl\/sitio\/wp-content\/uploads\/2025\/05\/Solicitud-de-Numeros-y-letras.zip\" target=\"_blank\" class=\"button primary\" rel=\"noopener\"  style=\"border-radius:13px;\">\n\t\t<span>zip<\/span>\n\t<i class=\"icon-angle-right\" aria-hidden=\"true\" ><\/i><\/a>\n\n\t\t<\/div>\n\t\t\t\t\n<style>\n#col-870219091 > .col-inner {\n  padding: 19px 9px 0px 9px;\n  margin: 0px 0px 0px 0px;\n}\n<\/style>\n\t<\/div>\n\n\t\n<\/div>\n\t<div id=\"gap-1505522491\" class=\"gap-element clearfix\" style=\"display:block; height:auto;\">\n\t\t\n<style>\n#gap-1505522491 {\n  padding-top: 30px;\n}\n<\/style>\n\t<\/div>\n\t\n\n\t\t<div class=\"icon-box featured-box icon-box-center text-center is-small\"  style=\"margin:0px 0px 20px 0px;\">\n\t\t\t\t\t<div class=\"icon-box-img\" style=\"width: 20px\">\n\t\t\t\t<div class=\"icon\">\n\t\t\t\t\t<div class=\"icon-inner\" >\n\t\t\t\t\t\t\t\t\t\t\t<\/div>\n\t\t\t\t<\/div>\n\t\t\t<\/div>\n\t\t\t\t<div class=\"icon-box-text last-reset\">\n\t\t\t\t\t\t\t\t\t\n\t<div id=\"text-3280335747\" class=\"text\">\n\t\t\n<p>Tambi\u00e9n adjunt\u00e1ndola o escribi\u00e9ndonos directamente a la siguiente casilla:<\/p>\n\t\t\n<style>\n#text-3280335747 {\n  font-size: 1.3rem;\n  line-height: 1.95;\n  text-align: center;\n  color: #a81e00;\n}\n#text-3280335747 > * {\n  color: #a81e00;\n}\n@media (min-width:550px) {\n  #text-3280335747 {\n    font-size: 1.45rem;\n    line-height: 2.4;\n  }\n}\n<\/style>\n\t<\/div>\n\t\n\t\t<\/div>\n\t<\/div>\n\t\n\t\n<a href=\"mailto:ventas@grabadosquevedo.cl\" class=\"button secondary is-small\"  >\n\t\t<span>ventas@grabadosquevedo.cl<\/span>\n\t<\/a>\n\n\t\t<\/div>\n\t\t\t\t\n<style>\n#col-522903526 > .col-inner {\n  padding: 0px 0px 0px 0px;\n  margin: 0px 0px 0px 0px;\n}\n@media (min-width:550px) {\n  #col-522903526 > .col-inner {\n    padding: 0px 0px 0px 0px;\n    margin: 0px 0px 0px 0px;\n  }\n}\n<\/style>\n\t<\/div>\n\n\t\n<\/div>\n\t\t<\/div>\n\t\t\t\t\n<style>\n#col-1019036987 > .col-inner {\n  padding: 0px 0px 0px 0px;\n}\n<\/style>\n\t<\/div>\n\n\t\n<\/div>\n\t\t<\/div>\n\n\t\t\n<style>\n#section_82969666 {\n  padding-top: 0px;\n  padding-bottom: 0px;\n  margin-bottom: 0px;\n}\n@media (min-width:550px) {\n  #section_82969666 {\n    padding-top: 10px;\n    padding-bottom: 10px;\n  }\n}\n<\/style>\n\t<\/section>\n\t\n","protected":false},"excerpt":{"rendered":"","protected":false},"author":1,"featured_media":0,"parent":0,"menu_order":0,"comment_status":"closed","ping_status":"closed","template":"","meta":{"footnotes":"","_links_to":"","_links_to_target":""},"class_list":["post-365","page","type-page","status-publish","hentry"],"_links":{"self":[{"href":"https:\/\/www.grabadosquevedo.cl\/sitio\/wp-json\/wp\/v2\/pages\/365","targetHints":{"allow":["GET"]}}],"collection":[{"href":"https:\/\/www.grabadosquevedo.cl\/sitio\/wp-json\/wp\/v2\/pages"}],"about":[{"href":"https:\/\/www.grabadosquevedo.cl\/sitio\/wp-json\/wp\/v2\/types\/page"}],"author":[{"embeddable":true,"href":"https:\/\/www.grabadosquevedo.cl\/sitio\/wp-json\/wp\/v2\/users\/1"}],"replies":[{"embeddable":true,"href":"https:\/\/www.grabadosquevedo.cl\/sitio\/wp-json\/wp\/v2\/comments?post=365"}],"version-history":[{"count":45,"href":"https:\/\/www.grabadosquevedo.cl\/sitio\/wp-json\/wp\/v2\/pages\/365\/revisions"}],"predecessor-version":[{"id":3250,"href":"https:\/\/www.grabadosquevedo.cl\/sitio\/wp-json\/wp\/v2\/pages\/365\/revisions\/3250"}],"wp:attachment":[{"href":"https:\/\/www.grabadosquevedo.cl\/sitio\/wp-json\/wp\/v2\/media?parent=365"}],"curies":[{"name":"wp","href":"https:\/\/api.w.org\/{rel}","templated":true}]}}