{"id":359,"date":"2014-01-10T21:11:11","date_gmt":"2014-01-10T21:11:11","guid":{"rendered":"https:\/\/grabadosquevedo.cl\/sitio\/?page_id=2"},"modified":"2025-05-05T19:41:02","modified_gmt":"2025-05-05T19:41:02","slug":"nosotros","status":"publish","type":"page","link":"https:\/\/www.grabadosquevedo.cl\/sitio\/nosotros\/","title":{"rendered":"Nosotros"},"content":{"rendered":"\n\t<section class=\"section\" id=\"section_1022152357\">\n\t\t<div class=\"section-bg fill\" >\n\t\t\t\t\t\t\t\t\t\n\t\t\t\n\n\t\t<\/div>\n\n\t\t\n\n\t\t<div class=\"section-content relative\">\n\t\t\t\n<div class=\"row row-collapse align-center\" style=\"max-width:\" id=\"row-1551195509\">\n\n\t<div id=\"col-1187325376\" class=\"col medium-10 small-12 large-12\"  >\n\t\t\t\t<div class=\"col-inner text-center\"  >\n\t\t\t\n\t\t\t\n\t<div id=\"text-442337803\" class=\"text\">\n\t\t\n<h5>Nosotros<\/h5>\n\t\t\n<style>\n#text-442337803 {\n  font-size: 1.8rem;\n  line-height: 1.1;\n  text-align: left;\n  color: #8bc242;\n}\n#text-442337803 > * {\n  color: #8bc242;\n}\n@media (min-width:550px) {\n  #text-442337803 {\n    line-height: 0.75;\n  }\n}\n<\/style>\n\t<\/div>\n\t\n<div class=\"is-divider divider clearfix\" style=\"max-width:11113px;height:1px;\"><\/div>\n\t<div id=\"text-872225620\" class=\"text\">\n\t\t\n<p><span style=\"font-size: 80%;\">En 1988 se incorpora al mercado nuestra empresa bajo el nombre de Edmundo Quevedo M. Con un Pant\u00f3grafo Manual, prestando servicios al rubro de montajes el\u00e9ctricos. Debido a la demanda de nuestros clientes nos vimos en la necesidad de innovar en tecnolog\u00eda computarizada, que fu\u00e9 adquirida en el momento de su aparici\u00f3n en el mercado nacional.<\/span><\/p>\n<p><span style=\"font-size: 80%;\">10 A\u00f1os m\u00e1s tarde, nuestra empresa aparece finalmente en el mercado con el nombre que actualmente nos representa: \u201cGrabados Quevedo y Cia Ltda.\u201d<\/span><\/p>\n<p><span style=\"font-size: 80%;\">Nuestra creciente Cartera de Clientes nos ha motivado a innovar en Tecnolog\u00eda de Punta, para poder satisfacer la demanda de trabajos, pasando a transformase nuestros propios Clientes, en la mejor Publicidad que tenemos.<\/span><\/p>\n<p><span style=\"font-size: 80%;\">Hacemos el mayor esfuerzo en mantener y superar el control de calidad.<\/span><\/p>\n<p><span style=\"font-size: 80%;\">Grabados Quevedo y Cia Ltda. Una Empresa Familiar, desea agradecer su visita a nuestra P\u00e1gina Web, disponible para que usted conozca m\u00e1s de la empresa, se oriente y realice todas las consultas necesarias.<\/span><\/p>\n<table border=\"0\" width=\"100%\" cellspacing=\"0\" cellpadding=\"0\">\n<tbody>\n<tr>\n<td width=\"14%\">\u00a0<\/td>\n<td width=\"41%\">\u00a0<\/td>\n<td align=\"center\" width=\"45%\">\n<h4 class=\"fittexted_for_content_h4\"><span style=\"font-size: 95%;\">Edmundo Quevedo M.<\/span><\/h4>\n<h4 class=\"fittexted_for_content_h4\"><span style=\"font-size: 95%;\">Estela Jeraldo T.<\/span><\/h4>\n<\/td>\n<\/tr>\n<tr class=\"alt\">\n<td>\u00a0<\/td>\n<td>\u00a0<\/td>\n<td align=\"center\" height=\"20\">\n<h4 class=\"fittexted_for_content_h4\"><span style=\"font-size: 100%;\"><strong>Gerencia<\/strong><\/span><\/h4>\n<\/td>\n<\/tr>\n<\/tbody>\n<\/table>\n\t\t\n<style>\n#text-872225620 {\n  font-size: 1.45rem;\n  line-height: 1.25;\n  text-align: left;\n  color: rgb(0,0,0);\n}\n#text-872225620 > * {\n  color: rgb(0,0,0);\n}\n<\/style>\n\t<\/div>\n\t\n\t\t<\/div>\n\t\t\t\t\n<style>\n#col-1187325376 > .col-inner {\n  padding: 0px 0px 0px 0px;\n}\n<\/style>\n\t<\/div>\n\n\t\n<\/div>\n\t\t<\/div>\n\n\t\t\n<style>\n#section_1022152357 {\n  padding-top: 0px;\n  padding-bottom: 0px;\n  margin-bottom: 0px;\n}\n@media (min-width:550px) {\n  #section_1022152357 {\n    padding-top: 10px;\n    padding-bottom: 10px;\n  }\n}\n<\/style>\n\t<\/section>\n\t\n","protected":false},"excerpt":{"rendered":"","protected":false},"author":1,"featured_media":0,"parent":0,"menu_order":0,"comment_status":"closed","ping_status":"closed","template":"","meta":{"footnotes":"","_links_to":"","_links_to_target":""},"class_list":["post-359","page","type-page","status-publish","hentry"],"_links":{"self":[{"href":"https:\/\/www.grabadosquevedo.cl\/sitio\/wp-json\/wp\/v2\/pages\/359","targetHints":{"allow":["GET"]}}],"collection":[{"href":"https:\/\/www.grabadosquevedo.cl\/sitio\/wp-json\/wp\/v2\/pages"}],"about":[{"href":"https:\/\/www.grabadosquevedo.cl\/sitio\/wp-json\/wp\/v2\/types\/page"}],"author":[{"embeddable":true,"href":"https:\/\/www.grabadosquevedo.cl\/sitio\/wp-json\/wp\/v2\/users\/1"}],"replies":[{"embeddable":true,"href":"https:\/\/www.grabadosquevedo.cl\/sitio\/wp-json\/wp\/v2\/comments?post=359"}],"version-history":[{"count":12,"href":"https:\/\/www.grabadosquevedo.cl\/sitio\/wp-json\/wp\/v2\/pages\/359\/revisions"}],"predecessor-version":[{"id":3223,"href":"https:\/\/www.grabadosquevedo.cl\/sitio\/wp-json\/wp\/v2\/pages\/359\/revisions\/3223"}],"wp:attachment":[{"href":"https:\/\/www.grabadosquevedo.cl\/sitio\/wp-json\/wp\/v2\/media?parent=359"}],"curies":[{"name":"wp","href":"https:\/\/api.w.org\/{rel}","templated":true}]}}