{"id":2438,"date":"2025-02-27T17:31:47","date_gmt":"2025-02-27T17:31:47","guid":{"rendered":"https:\/\/www.grabadosquevedo.cl\/sitio\/?page_id=2438"},"modified":"2025-05-02T01:16:43","modified_gmt":"2025-05-02T01:16:43","slug":"grabado-laser","status":"publish","type":"page","link":"https:\/\/www.grabadosquevedo.cl\/sitio\/grabado-laser\/","title":{"rendered":"Grabado L\u00e1ser"},"content":{"rendered":"\n\t<section class=\"section\" id=\"section_1016160165\">\n\t\t<div class=\"section-bg fill\" >\n\t\t\t\t\t\t\t\t\t\n\t\t\t\n\n\t\t<\/div>\n\n\t\t\n\n\t\t<div class=\"section-content relative\">\n\t\t\t\n<div class=\"row align-center\"  id=\"row-506656852\">\n\n\t<div id=\"col-1877451219\" class=\"col medium-10 small-12 large-12\"  >\n\t\t\t\t<div class=\"col-inner text-center\"  >\n\t\t\t\n\t\t\t\n<div class=\"row row-large\"  id=\"row-329872692\">\n\n\t<div id=\"col-1048282005\" class=\"col small-12 large-12\"  data-animate=\"fadeInRight\">\n\t\t\t\t<div class=\"col-inner text-center\"  >\n\t\t\t\n\t\t\t\n\t<div id=\"text-2031978872\" class=\"text\">\n\t\t\n<h2>Grabado Laser<\/h2>\n\t\t\n<style>\n#text-2031978872 {\n  font-size: 1.6rem;\n  line-height: 0.75;\n  text-align: center;\n  color: rgb(0, 0, 0);\n}\n#text-2031978872 > * {\n  color: rgb(0, 0, 0);\n}\n@media (min-width:550px) {\n  #text-2031978872 {\n    font-size: 1.45rem;\n    text-align: left;\n  }\n}\n<\/style>\n\t<\/div>\n\t\n<div class=\"is-divider divider clearfix\" style=\"max-width:1980px;height:1px;\"><\/div>\n\t<div id=\"text-4293134278\" class=\"text\">\n\t\t\n<h4>ALUMINIO ANODIZADO GRABADO EN L\u00c1SER<\/h4>\n<p><span style=\"font-size: 80%;\">Es una gama de aluminio anodizado y lacado especialmente creado para el marcaje por l\u00e1ser. Las caracter\u00edsticas del material permiten realizar trabajos de Etiquetas, Placas de identificaci\u00f3n de equipos, Rotulaci\u00f3n, se\u00f1alizaci\u00f3n interior, Etiquetas industriales con codigo Qr, etc.<\/span><\/p>\n<p><span style=\"font-size: 80%;\">Est\u00e1n dise\u00f1ados para interiores y exterior; estabilidad en el tiempo; temperatura\u00a0 m\u00e1xima 230\u00b0c. Estable a los rayos UV, abrasiones, temperaturas elevadas,\u00a0 niebla salina.<\/span><\/p>\n<p><span style=\"font-size: 80%;\">Pa\u00eds de procedencia: Usa<\/span><br \/><span style=\"font-size: 80%;\">Espesor: 0.60mm<\/span><br \/><span style=\"font-size: 80%;\">\u00c1rea m\u00e1xima de grabado: 110mmx110mm<\/span><\/p>\n\t\t\n<style>\n#text-4293134278 {\n  font-size: 1.6rem;\n  line-height: 1.25;\n  text-align: center;\n  color: rgba(0, 0, 0, 0.651);\n}\n#text-4293134278 > * {\n  color: rgba(0, 0, 0, 0.651);\n}\n@media (min-width:550px) {\n  #text-4293134278 {\n    font-size: 1.45rem;\n    text-align: left;\n  }\n}\n<\/style>\n\t<\/div>\n\t\n\t<div id=\"gap-828412544\" class=\"gap-element clearfix\" style=\"display:block; height:auto;\">\n\t\t\n<style>\n#gap-828412544 {\n  padding-top: 0px;\n}\n<\/style>\n\t<\/div>\n\t\n<div class=\"is-divider divider clearfix\" style=\"margin-top:0px;margin-bottom:0px;max-width:2222px;height:1px;\"><\/div>\n<a href=\"https:\/\/www.grabadosquevedo.cl\/sitio\/cotizacion\/\" class=\"button primary\"  >\n\t\t<span>cotizar<\/span>\n\t<\/a>\n\n\t\t<\/div>\n\t\t\t\t\n<style>\n#col-1048282005 > .col-inner {\n  padding: 0px 0px 0px 0px;\n  margin: 0px 0px 0px 0px;\n}\n@media (min-width:550px) {\n  #col-1048282005 > .col-inner {\n    padding: 0px 0px 0px 0px;\n    margin: 0px 0px -40px 0px;\n  }\n}\n<\/style>\n\t<\/div>\n\n\t\n<\/div>\n\t<div id=\"gap-685311218\" class=\"gap-element clearfix\" style=\"display:block; height:auto;\">\n\t\t\n<style>\n#gap-685311218 {\n  padding-top: 0px;\n}\n<\/style>\n\t<\/div>\n\t\n\t\t<\/div>\n\t\t\t\t\n<style>\n#col-1877451219 > .col-inner {\n  padding: 0px 0px 20px 0px;\n  margin: 0px 0px 0px 0px;\n}\n@media (min-width:550px) {\n  #col-1877451219 > .col-inner {\n    padding: 0px 0px 0px 0px;\n  }\n}\n<\/style>\n\t<\/div>\n\n\t\n<\/div>\n<div class=\"row align-center\"  id=\"row-645178232\">\n\n\t<div id=\"col-1589252350\" class=\"col medium-10 small-12 large-11\"  >\n\t\t\t\t<div class=\"col-inner text-center\"  >\n\t\t\t\n\t\t\t\n<div class=\"row row-large\"  id=\"row-1347851727\">\n\n\t<div id=\"col-1654486631\" class=\"col small-12 large-12\"  data-animate=\"fadeInRight\">\n\t\t\t\t<div class=\"col-inner text-center\"  >\n\t\t\t\n\t\t\t\n\t<div id=\"text-3267756442\" class=\"text\">\n\t\t\n<h2>Galer\u00eda Grabado L\u00e1ser<\/h2>\n\t\t\n<style>\n#text-3267756442 {\n  font-size: 1.6rem;\n  line-height: 0.75;\n  text-align: center;\n  color: rgb(0, 0, 0);\n}\n#text-3267756442 > * {\n  color: rgb(0, 0, 0);\n}\n@media (min-width:550px) {\n  #text-3267756442 {\n    font-size: 1.45rem;\n    text-align: left;\n  }\n}\n<\/style>\n\t<\/div>\n\t\n<div class=\"is-divider divider clearfix\" style=\"max-width:2222px;height:1px;\"><\/div>\n<div class=\"accordion\">\n\t<div id=\"accordion-3389688437\" class=\"accordion-item primer-acordeon-abierto\">\n\t\t<a id=\"accordion-3389688437-label\" class=\"accordion-title plain active\" href=\"#accordion-item-aluminio-anodizado-grabado-en-l\u00c1ser\" aria-expanded=\"true\" aria-controls=\"accordion-3389688437-content\" >\n\t\t\t<button class=\"toggle\" aria-label=\"Toggle\"><i class=\"icon-angle-down\"><\/i><\/button>\n\t\t\t<span>ALUMINIO ANODIZADO GRABADO EN L\u00c1SER<\/span>\n\t\t<\/a>\n\t\t<div id=\"accordion-3389688437-content\" class=\"accordion-inner\" style=\"display: block;\" aria-labelledby=\"accordion-3389688437-label\" >\n\t\t\t\n\t<div id=\"gap-154255783\" class=\"gap-element clearfix\" style=\"display:block; height:auto;\">\n\t\t\n<style>\n#gap-154255783 {\n  padding-top: 30px;\n}\n<\/style>\n\t<\/div>\n\t\n\n  \n    <div class=\"row large-columns-4 medium-columns-3 small-columns-2\" >\n  <div class=\"gallery-col col\" >\n          <div class=\"col-inner\">\n            <a class=\"image-lightbox lightbox-gallery\" href=\"https:\/\/www.grabadosquevedo.cl\/sitio\/wp-content\/uploads\/2025\/02\/DSC_8912-Edit.jpg\" title=\"\">            <div class=\"box has-hover gallery-box box-overlay dark\">\n              <div class=\"box-image\" >\n                <img decoding=\"async\" width=\"494\" height=\"400\" data-src=\"https:\/\/www.grabadosquevedo.cl\/sitio\/wp-content\/uploads\/2025\/02\/DSC_8912-Edit-494x400.jpg\" class=\"attachment-medium size-medium lazyload\" alt=\"\" ids=\"2448,2449,2450,2451,2452,2453,2454,2455\" lightbox_image_size=\"original\" data-srcset=\"https:\/\/www.grabadosquevedo.cl\/sitio\/wp-content\/uploads\/2025\/02\/DSC_8912-Edit-494x400.jpg 494w, https:\/\/www.grabadosquevedo.cl\/sitio\/wp-content\/uploads\/2025\/02\/DSC_8912-Edit.jpg 543w\" data-sizes=\"(max-width: 494px) 100vw, 494px\" src=\"data:image\/gif;base64,R0lGODlhAQABAAAAACH5BAEKAAEALAAAAAABAAEAAAICTAEAOw==\" style=\"--smush-placeholder-width: 494px; --smush-placeholder-aspect-ratio: 494\/400;\" \/>                                  <div class=\"overlay fill\"\n                      style=\"background-color: rgba(0,0,0,.15)\">\n                  <\/div>\n                                                              <\/div>\n              <div class=\"box-text text-left\" >\n                 <p><\/p>\n              <\/div>\n            <\/div>\n            <\/a>          <\/div>\n         <\/div><div class=\"gallery-col col\" >\n          <div class=\"col-inner\">\n            <a class=\"image-lightbox lightbox-gallery\" href=\"https:\/\/www.grabadosquevedo.cl\/sitio\/wp-content\/uploads\/2025\/02\/DSC_8915-Edit.jpg\" title=\"\">            <div class=\"box has-hover gallery-box box-overlay dark\">\n              <div class=\"box-image\" >\n                <img decoding=\"async\" width=\"753\" height=\"297\" data-src=\"https:\/\/www.grabadosquevedo.cl\/sitio\/wp-content\/uploads\/2025\/02\/DSC_8915-Edit.jpg\" class=\"attachment-medium size-medium lazyload\" alt=\"\" ids=\"2448,2449,2450,2451,2452,2453,2454,2455\" lightbox_image_size=\"original\" src=\"data:image\/gif;base64,R0lGODlhAQABAAAAACH5BAEKAAEALAAAAAABAAEAAAICTAEAOw==\" style=\"--smush-placeholder-width: 753px; --smush-placeholder-aspect-ratio: 753\/297;\" \/>                                  <div class=\"overlay fill\"\n                      style=\"background-color: rgba(0,0,0,.15)\">\n                  <\/div>\n                                                              <\/div>\n              <div class=\"box-text text-left\" >\n                 <p><\/p>\n              <\/div>\n            <\/div>\n            <\/a>          <\/div>\n         <\/div><div class=\"gallery-col col\" >\n          <div class=\"col-inner\">\n            <a class=\"image-lightbox lightbox-gallery\" href=\"https:\/\/www.grabadosquevedo.cl\/sitio\/wp-content\/uploads\/2025\/02\/laser3.jpg\" title=\"\">            <div class=\"box has-hover gallery-box box-overlay dark\">\n              <div class=\"box-image\" >\n                <img decoding=\"async\" width=\"800\" height=\"207\" data-src=\"https:\/\/www.grabadosquevedo.cl\/sitio\/wp-content\/uploads\/2025\/02\/laser3-800x207.jpg\" class=\"attachment-medium size-medium lazyload\" alt=\"\" ids=\"2448,2449,2450,2451,2452,2453,2454,2455\" lightbox_image_size=\"original\" data-srcset=\"https:\/\/www.grabadosquevedo.cl\/sitio\/wp-content\/uploads\/2025\/02\/laser3-800x207.jpg 800w, https:\/\/www.grabadosquevedo.cl\/sitio\/wp-content\/uploads\/2025\/02\/laser3-1400x362.jpg 1400w, https:\/\/www.grabadosquevedo.cl\/sitio\/wp-content\/uploads\/2025\/02\/laser3-768x199.jpg 768w, https:\/\/www.grabadosquevedo.cl\/sitio\/wp-content\/uploads\/2025\/02\/laser3-1536x398.jpg 1536w, https:\/\/www.grabadosquevedo.cl\/sitio\/wp-content\/uploads\/2025\/02\/laser3.jpg 1920w\" data-sizes=\"(max-width: 800px) 100vw, 800px\" src=\"data:image\/gif;base64,R0lGODlhAQABAAAAACH5BAEKAAEALAAAAAABAAEAAAICTAEAOw==\" style=\"--smush-placeholder-width: 800px; --smush-placeholder-aspect-ratio: 800\/207;\" \/>                                  <div class=\"overlay fill\"\n                      style=\"background-color: rgba(0,0,0,.15)\">\n                  <\/div>\n                                                              <\/div>\n              <div class=\"box-text text-left\" >\n                 <p><\/p>\n              <\/div>\n            <\/div>\n            <\/a>          <\/div>\n         <\/div><div class=\"gallery-col col\" >\n          <div class=\"col-inner\">\n            <a class=\"image-lightbox lightbox-gallery\" href=\"https:\/\/www.grabadosquevedo.cl\/sitio\/wp-content\/uploads\/2025\/02\/laser4.jpg\" title=\"\">            <div class=\"box has-hover gallery-box box-overlay dark\">\n              <div class=\"box-image\" >\n                <img decoding=\"async\" width=\"449\" height=\"400\" data-src=\"https:\/\/www.grabadosquevedo.cl\/sitio\/wp-content\/uploads\/2025\/02\/laser4-449x400.jpg\" class=\"attachment-medium size-medium lazyload\" alt=\"\" ids=\"2448,2449,2450,2451,2452,2453,2454,2455\" lightbox_image_size=\"original\" data-srcset=\"https:\/\/www.grabadosquevedo.cl\/sitio\/wp-content\/uploads\/2025\/02\/laser4-449x400.jpg 449w, https:\/\/www.grabadosquevedo.cl\/sitio\/wp-content\/uploads\/2025\/02\/laser4-899x800.jpg 899w, https:\/\/www.grabadosquevedo.cl\/sitio\/wp-content\/uploads\/2025\/02\/laser4-768x684.jpg 768w, https:\/\/www.grabadosquevedo.cl\/sitio\/wp-content\/uploads\/2025\/02\/laser4.jpg 1213w\" data-sizes=\"(max-width: 449px) 100vw, 449px\" src=\"data:image\/gif;base64,R0lGODlhAQABAAAAACH5BAEKAAEALAAAAAABAAEAAAICTAEAOw==\" style=\"--smush-placeholder-width: 449px; --smush-placeholder-aspect-ratio: 449\/400;\" \/>                                  <div class=\"overlay fill\"\n                      style=\"background-color: rgba(0,0,0,.15)\">\n                  <\/div>\n                                                              <\/div>\n              <div class=\"box-text text-left\" >\n                 <p><\/p>\n              <\/div>\n            <\/div>\n            <\/a>          <\/div>\n         <\/div><div class=\"gallery-col col\" >\n          <div class=\"col-inner\">\n            <a class=\"image-lightbox lightbox-gallery\" href=\"https:\/\/www.grabadosquevedo.cl\/sitio\/wp-content\/uploads\/2025\/02\/laser5.jpg\" title=\"\">            <div class=\"box has-hover gallery-box box-overlay dark\">\n              <div class=\"box-image\" >\n                <img decoding=\"async\" width=\"800\" height=\"374\" data-src=\"https:\/\/www.grabadosquevedo.cl\/sitio\/wp-content\/uploads\/2025\/02\/laser5-800x374.jpg\" class=\"attachment-medium size-medium lazyload\" alt=\"\" ids=\"2448,2449,2450,2451,2452,2453,2454,2455\" lightbox_image_size=\"original\" data-srcset=\"https:\/\/www.grabadosquevedo.cl\/sitio\/wp-content\/uploads\/2025\/02\/laser5-800x374.jpg 800w, https:\/\/www.grabadosquevedo.cl\/sitio\/wp-content\/uploads\/2025\/02\/laser5-1400x654.jpg 1400w, https:\/\/www.grabadosquevedo.cl\/sitio\/wp-content\/uploads\/2025\/02\/laser5-768x359.jpg 768w, https:\/\/www.grabadosquevedo.cl\/sitio\/wp-content\/uploads\/2025\/02\/laser5-1536x718.jpg 1536w, https:\/\/www.grabadosquevedo.cl\/sitio\/wp-content\/uploads\/2025\/02\/laser5.jpg 1920w\" data-sizes=\"(max-width: 800px) 100vw, 800px\" src=\"data:image\/gif;base64,R0lGODlhAQABAAAAACH5BAEKAAEALAAAAAABAAEAAAICTAEAOw==\" style=\"--smush-placeholder-width: 800px; --smush-placeholder-aspect-ratio: 800\/374;\" \/>                                  <div class=\"overlay fill\"\n                      style=\"background-color: rgba(0,0,0,.15)\">\n                  <\/div>\n                                                              <\/div>\n              <div class=\"box-text text-left\" >\n                 <p><\/p>\n              <\/div>\n            <\/div>\n            <\/a>          <\/div>\n         <\/div><div class=\"gallery-col col\" >\n          <div class=\"col-inner\">\n            <a class=\"image-lightbox lightbox-gallery\" href=\"https:\/\/www.grabadosquevedo.cl\/sitio\/wp-content\/uploads\/2025\/02\/laser6.jpg\" title=\"\">            <div class=\"box has-hover gallery-box box-overlay dark\">\n              <div class=\"box-image\" >\n                <img decoding=\"async\" width=\"762\" height=\"400\" data-src=\"https:\/\/www.grabadosquevedo.cl\/sitio\/wp-content\/uploads\/2025\/02\/laser6-762x400.jpg\" class=\"attachment-medium size-medium lazyload\" alt=\"\" ids=\"2448,2449,2450,2451,2452,2453,2454,2455\" lightbox_image_size=\"original\" data-srcset=\"https:\/\/www.grabadosquevedo.cl\/sitio\/wp-content\/uploads\/2025\/02\/laser6-762x400.jpg 762w, https:\/\/www.grabadosquevedo.cl\/sitio\/wp-content\/uploads\/2025\/02\/laser6-1400x735.jpg 1400w, https:\/\/www.grabadosquevedo.cl\/sitio\/wp-content\/uploads\/2025\/02\/laser6-768x403.jpg 768w, https:\/\/www.grabadosquevedo.cl\/sitio\/wp-content\/uploads\/2025\/02\/laser6-1536x806.jpg 1536w, https:\/\/www.grabadosquevedo.cl\/sitio\/wp-content\/uploads\/2025\/02\/laser6.jpg 1920w\" data-sizes=\"(max-width: 762px) 100vw, 762px\" src=\"data:image\/gif;base64,R0lGODlhAQABAAAAACH5BAEKAAEALAAAAAABAAEAAAICTAEAOw==\" style=\"--smush-placeholder-width: 762px; --smush-placeholder-aspect-ratio: 762\/400;\" \/>                                  <div class=\"overlay fill\"\n                      style=\"background-color: rgba(0,0,0,.15)\">\n                  <\/div>\n                                                              <\/div>\n              <div class=\"box-text text-left\" >\n                 <p><\/p>\n              <\/div>\n            <\/div>\n            <\/a>          <\/div>\n         <\/div><div class=\"gallery-col col\" >\n          <div class=\"col-inner\">\n            <a class=\"image-lightbox lightbox-gallery\" href=\"https:\/\/www.grabadosquevedo.cl\/sitio\/wp-content\/uploads\/2025\/02\/laser7.jpg\" title=\"\">            <div class=\"box has-hover gallery-box box-overlay dark\">\n              <div class=\"box-image\" >\n                <img decoding=\"async\" width=\"794\" height=\"400\" data-src=\"https:\/\/www.grabadosquevedo.cl\/sitio\/wp-content\/uploads\/2025\/02\/laser7-794x400.jpg\" class=\"attachment-medium size-medium lazyload\" alt=\"\" ids=\"2448,2449,2450,2451,2452,2453,2454,2455\" lightbox_image_size=\"original\" data-srcset=\"https:\/\/www.grabadosquevedo.cl\/sitio\/wp-content\/uploads\/2025\/02\/laser7-794x400.jpg 794w, https:\/\/www.grabadosquevedo.cl\/sitio\/wp-content\/uploads\/2025\/02\/laser7-1400x705.jpg 1400w, https:\/\/www.grabadosquevedo.cl\/sitio\/wp-content\/uploads\/2025\/02\/laser7-768x387.jpg 768w, https:\/\/www.grabadosquevedo.cl\/sitio\/wp-content\/uploads\/2025\/02\/laser7-1536x774.jpg 1536w, https:\/\/www.grabadosquevedo.cl\/sitio\/wp-content\/uploads\/2025\/02\/laser7.jpg 1920w\" data-sizes=\"(max-width: 794px) 100vw, 794px\" src=\"data:image\/gif;base64,R0lGODlhAQABAAAAACH5BAEKAAEALAAAAAABAAEAAAICTAEAOw==\" style=\"--smush-placeholder-width: 794px; --smush-placeholder-aspect-ratio: 794\/400;\" \/>                                  <div class=\"overlay fill\"\n                      style=\"background-color: rgba(0,0,0,.15)\">\n                  <\/div>\n                                                              <\/div>\n              <div class=\"box-text text-left\" >\n                 <p><\/p>\n              <\/div>\n            <\/div>\n            <\/a>          <\/div>\n         <\/div><div class=\"gallery-col col\" >\n          <div class=\"col-inner\">\n            <a class=\"image-lightbox lightbox-gallery\" href=\"https:\/\/www.grabadosquevedo.cl\/sitio\/wp-content\/uploads\/2025\/02\/laser8.jpg\" title=\"\">            <div class=\"box has-hover gallery-box box-overlay dark\">\n              <div class=\"box-image\" >\n                <img decoding=\"async\" width=\"720\" height=\"400\" data-src=\"https:\/\/www.grabadosquevedo.cl\/sitio\/wp-content\/uploads\/2025\/02\/laser8-720x400.jpg\" class=\"attachment-medium size-medium lazyload\" alt=\"\" ids=\"2448,2449,2450,2451,2452,2453,2454,2455\" lightbox_image_size=\"original\" data-srcset=\"https:\/\/www.grabadosquevedo.cl\/sitio\/wp-content\/uploads\/2025\/02\/laser8-720x400.jpg 720w, https:\/\/www.grabadosquevedo.cl\/sitio\/wp-content\/uploads\/2025\/02\/laser8-1400x778.jpg 1400w, https:\/\/www.grabadosquevedo.cl\/sitio\/wp-content\/uploads\/2025\/02\/laser8-768x427.jpg 768w, https:\/\/www.grabadosquevedo.cl\/sitio\/wp-content\/uploads\/2025\/02\/laser8-1536x854.jpg 1536w, https:\/\/www.grabadosquevedo.cl\/sitio\/wp-content\/uploads\/2025\/02\/laser8.jpg 1920w\" data-sizes=\"(max-width: 720px) 100vw, 720px\" src=\"data:image\/gif;base64,R0lGODlhAQABAAAAACH5BAEKAAEALAAAAAABAAEAAAICTAEAOw==\" style=\"--smush-placeholder-width: 720px; --smush-placeholder-aspect-ratio: 720\/400;\" \/>                                  <div class=\"overlay fill\"\n                      style=\"background-color: rgba(0,0,0,.15)\">\n                  <\/div>\n                                                              <\/div>\n              <div class=\"box-text text-left\" >\n                 <p><\/p>\n              <\/div>\n            <\/div>\n            <\/a>          <\/div>\n         <\/div><\/div>\n\t<div id=\"gap-741481249\" class=\"gap-element clearfix\" style=\"display:block; height:auto;\">\n\t\t\n<style>\n#gap-741481249 {\n  padding-top: 30px;\n}\n<\/style>\n\t<\/div>\n\t\n\t<div id=\"gap-1102518322\" class=\"gap-element clearfix\" style=\"display:block; height:auto;\">\n\t\t\n<style>\n#gap-1102518322 {\n  padding-top: 30px;\n}\n<\/style>\n\t<\/div>\n\t\n\t\t<\/div>\n\t<\/div>\n\t\n<\/div>\n\t\t<\/div>\n\t\t\t\t\n<style>\n#col-1654486631 > .col-inner {\n  padding: 0px 0px 0px 0px;\n  margin: 30px 0px 0px 0px;\n}\n@media (min-width:550px) {\n  #col-1654486631 > .col-inner {\n    padding: 0px 0px 0px 0px;\n    margin: -20px 0px 0px 0px;\n  }\n}\n<\/style>\n\t<\/div>\n\n\t\n<\/div>\n<div class=\"is-divider divider clearfix\" style=\"margin-top:0px;margin-bottom:0px;max-width:2080px;height:1px;\"><\/div>\n\t<div id=\"gap-1302234132\" class=\"gap-element clearfix\" style=\"display:block; height:auto;\">\n\t\t\n<style>\n#gap-1302234132 {\n  padding-top: 15px;\n}\n<\/style>\n\t<\/div>\n\t\n\t\t<\/div>\n\t\t\t\t\n<style>\n#col-1589252350 > .col-inner {\n  padding: 0px 0px 20px 0px;\n  margin: 0px 0px 0px 0px;\n}\n@media (min-width:550px) {\n  #col-1589252350 > .col-inner {\n    padding: 0px 0px 0px 0px;\n  }\n}\n<\/style>\n\t<\/div>\n\n\t\n\n<style>\n#row-645178232 > .col > .col-inner {\n  padding: 5px 0px 5px 0px;\n}\n@media (min-width:550px) {\n  #row-645178232 > .col > .col-inner {\n    padding: 30px 30px 30px 30px;\n  }\n}\n<\/style>\n<\/div>\n\t\t<\/div>\n\n\t\t\n<style>\n#section_1016160165 {\n  padding-top: 0px;\n  padding-bottom: 0px;\n  background-color: rgb(255,255,255);\n}\n@media (min-width:550px) {\n  #section_1016160165 {\n    padding-top: 0px;\n    padding-bottom: 0px;\n  }\n}\n<\/style>\n\t<\/section>\n\t\n","protected":false},"excerpt":{"rendered":"","protected":false},"author":1,"featured_media":0,"parent":0,"menu_order":0,"comment_status":"closed","ping_status":"closed","template":"","meta":{"footnotes":"","_links_to":"","_links_to_target":""},"class_list":["post-2438","page","type-page","status-publish","hentry"],"_links":{"self":[{"href":"https:\/\/www.grabadosquevedo.cl\/sitio\/wp-json\/wp\/v2\/pages\/2438","targetHints":{"allow":["GET"]}}],"collection":[{"href":"https:\/\/www.grabadosquevedo.cl\/sitio\/wp-json\/wp\/v2\/pages"}],"about":[{"href":"https:\/\/www.grabadosquevedo.cl\/sitio\/wp-json\/wp\/v2\/types\/page"}],"author":[{"embeddable":true,"href":"https:\/\/www.grabadosquevedo.cl\/sitio\/wp-json\/wp\/v2\/users\/1"}],"replies":[{"embeddable":true,"href":"https:\/\/www.grabadosquevedo.cl\/sitio\/wp-json\/wp\/v2\/comments?post=2438"}],"version-history":[{"count":11,"href":"https:\/\/www.grabadosquevedo.cl\/sitio\/wp-json\/wp\/v2\/pages\/2438\/revisions"}],"predecessor-version":[{"id":3087,"href":"https:\/\/www.grabadosquevedo.cl\/sitio\/wp-json\/wp\/v2\/pages\/2438\/revisions\/3087"}],"wp:attachment":[{"href":"https:\/\/www.grabadosquevedo.cl\/sitio\/wp-json\/wp\/v2\/media?parent=2438"}],"curies":[{"name":"wp","href":"https:\/\/api.w.org\/{rel}","templated":true}]}}