{"id":1469,"date":"2024-12-02T12:40:55","date_gmt":"2024-12-02T12:40:55","guid":{"rendered":"https:\/\/www.grabadosquevedo.cl\/sitio\/?page_id=1469"},"modified":"2025-05-08T17:42:51","modified_gmt":"2025-05-08T17:42:51","slug":"solicitud-de-rotulos","status":"publish","type":"page","link":"https:\/\/www.grabadosquevedo.cl\/sitio\/solicitud-de-rotulos\/","title":{"rendered":"Solicitud de R\u00f3tulos"},"content":{"rendered":"\n\t<section class=\"section\" id=\"section_1015759138\">\n\t\t<div class=\"section-bg fill\" >\n\t\t\t\t\t\t\t\t\t\n\t\t\t\n\n\t\t<\/div>\n\n\t\t\n\n\t\t<div class=\"section-content relative\">\n\t\t\t\n<div class=\"row align-center\"  id=\"row-1319161559\">\n\n\t<div id=\"col-1832985619\" class=\"col medium-10 small-12 large-12\"  >\n\t\t\t\t<div class=\"col-inner text-center\"  >\n\t\t\t\n\t\t\t\n\t<div id=\"text-3297344201\" class=\"text\">\n\t\t\n<h5>Solicitud de R\u00f3tulos<\/h5>\n\t\t\n<style>\n#text-3297344201 {\n  font-size: 1.8rem;\n  line-height: 1.1;\n  text-align: left;\n  color: #8bc242;\n}\n#text-3297344201 > * {\n  color: #8bc242;\n}\n@media (min-width:550px) {\n  #text-3297344201 {\n    line-height: 0.75;\n  }\n}\n<\/style>\n\t<\/div>\n\t\n<div class=\"is-divider divider clearfix\" style=\"max-width:11113px;height:1px;\"><\/div>\n\t<div id=\"text-2008863331\" class=\"text\">\n\t\t\n<p>Si desea una Solicitud de\u00a0<strong>R\u00f3tulos para Tableros El\u00e9ctricos<\/strong>\u00a0podr\u00e1 solicitarla a trav\u00e9s de esta plantilla:<\/p>\n\t\t\n<style>\n#text-2008863331 {\n  font-size: 1.45rem;\n  line-height: 1.25;\n  text-align: left;\n  color: rgb(0,0,0);\n}\n#text-2008863331 > * {\n  color: rgb(0,0,0);\n}\n<\/style>\n\t<\/div>\n\t\n<div class=\"row row-large\"  id=\"row-933498476\">\n\n\t<div id=\"col-1233595205\" class=\"col medium-12 small-12 large-12\"  >\n\t\t\t\t<div class=\"col-inner\"  >\n\t\t\t\n\t\t\t\n\t<div id=\"gap-1037799042\" class=\"gap-element clearfix\" style=\"display:block; height:auto;\">\n\t\t\n<style>\n#gap-1037799042 {\n  padding-top: 0;\n}\n<\/style>\n\t<\/div>\n\t\n<div class=\"row\"  id=\"row-1784229784\">\n\n\t<div id=\"col-1167980132\" class=\"col medium-6 small-12 large-6\"  >\n\t\t\t\t<div class=\"col-inner\" style=\"background-color:rgb(241, 241, 241);\" >\n\t\t\t\n\t\t\t\n\t<div id=\"text-2611736533\" class=\"text\">\n\t\t\n<h3>EJEMPLO EXCEL<\/h3>\n\t\t\n<style>\n#text-2611736533 {\n  font-size: 1.25rem;\n}\n<\/style>\n\t<\/div>\n\t\n<a href=\"https:\/\/www.grabadosquevedo.cl\/sitio\/wp-content\/uploads\/2025\/05\/Solicitud-de-rotulos-para-tableros-electricos-2025.xls\" target=\"_blank\" class=\"button primary\" rel=\"noopener\"  style=\"border-radius:13px;\">\n\t\t<span>aqui<\/span>\n\t<i class=\"icon-angle-right\" aria-hidden=\"true\" ><\/i><\/a>\n\n\t\t<\/div>\n\t\t\t\t\n<style>\n#col-1167980132 > .col-inner {\n  padding: 19px 9px 0px 9px;\n  margin: 0px 0px 0px 0px;\n}\n<\/style>\n\t<\/div>\n\n\t\n\n\t<div id=\"col-956354948\" class=\"col medium-6 small-12 large-6\"  >\n\t\t\t\t<div class=\"col-inner\" style=\"background-color:rgb(241, 241, 241);\" >\n\t\t\t\n\t\t\t\n\t<div id=\"text-952989979\" class=\"text\">\n\t\t\n<h3>O\u00a0 DESCARGAR<\/h3>\n\t\t\n<style>\n#text-952989979 {\n  font-size: 1.25rem;\n}\n<\/style>\n\t<\/div>\n\t\n<a href=\"https:\/\/www.grabadosquevedo.cl\/sitio\/wp-content\/uploads\/2025\/05\/Solicitud-de-rotulos-para-tableros-electricos-2025.zip\" target=\"_blank\" class=\"button primary\" rel=\"noopener\"  style=\"border-radius:13px;\">\n\t\t<span>zip<\/span>\n\t<i class=\"icon-angle-right\" aria-hidden=\"true\" ><\/i><\/a>\n\n\t\t<\/div>\n\t\t\t\t\n<style>\n#col-956354948 > .col-inner {\n  padding: 19px 9px 0px 9px;\n  margin: 0px 0px 0px 0px;\n}\n<\/style>\n\t<\/div>\n\n\t\n<\/div>\n\t<div id=\"gap-1303118766\" class=\"gap-element clearfix\" style=\"display:block; height:auto;\">\n\t\t\n<style>\n#gap-1303118766 {\n  padding-top: 30px;\n}\n<\/style>\n\t<\/div>\n\t\n\t<div id=\"text-847948426\" class=\"text\">\n\t\t\n<p>Tambi\u00e9n adjunt\u00e1ndola o escribi\u00e9ndonos directamente a la siguiente casilla:<\/p>\n\t\t\n<style>\n#text-847948426 {\n  font-size: 1.3rem;\n  line-height: 1.4;\n  text-align: center;\n  color: #a81e00;\n}\n#text-847948426 > * {\n  color: #a81e00;\n}\n<\/style>\n\t<\/div>\n\t\n<a href=\"mailto:ventas@grabadosquevedo.cl\" class=\"button secondary is-smaller\"  >\n\t\t<span>ventas@grabadosquevedo.cl<\/span>\n\t<\/a>\n\n\t\t<\/div>\n\t\t\t\t\n<style>\n#col-1233595205 > .col-inner {\n  padding: 0px 0px 0px 0px;\n  margin: 0px 0px 0px 0px;\n}\n@media (min-width:550px) {\n  #col-1233595205 > .col-inner {\n    padding: 0px 0px 0px 0px;\n    margin: 0px 0px 0px 0px;\n  }\n}\n<\/style>\n\t<\/div>\n\n\t\n<\/div>\n\t\t<\/div>\n\t\t\t\t\n<style>\n#col-1832985619 > .col-inner {\n  padding: 0px 0px 0px 0px;\n}\n<\/style>\n\t<\/div>\n\n\t\n<\/div>\n\t\t<\/div>\n\n\t\t\n<style>\n#section_1015759138 {\n  padding-top: 0px;\n  padding-bottom: 0px;\n  margin-bottom: 0px;\n}\n@media (min-width:550px) {\n  #section_1015759138 {\n    padding-top: 10px;\n    padding-bottom: 10px;\n  }\n}\n<\/style>\n\t<\/section>\n\t\n","protected":false},"excerpt":{"rendered":"","protected":false},"author":1,"featured_media":0,"parent":0,"menu_order":0,"comment_status":"closed","ping_status":"closed","template":"","meta":{"footnotes":"","_links_to":"","_links_to_target":""},"class_list":["post-1469","page","type-page","status-publish","hentry"],"_links":{"self":[{"href":"https:\/\/www.grabadosquevedo.cl\/sitio\/wp-json\/wp\/v2\/pages\/1469","targetHints":{"allow":["GET"]}}],"collection":[{"href":"https:\/\/www.grabadosquevedo.cl\/sitio\/wp-json\/wp\/v2\/pages"}],"about":[{"href":"https:\/\/www.grabadosquevedo.cl\/sitio\/wp-json\/wp\/v2\/types\/page"}],"author":[{"embeddable":true,"href":"https:\/\/www.grabadosquevedo.cl\/sitio\/wp-json\/wp\/v2\/users\/1"}],"replies":[{"embeddable":true,"href":"https:\/\/www.grabadosquevedo.cl\/sitio\/wp-json\/wp\/v2\/comments?post=1469"}],"version-history":[{"count":18,"href":"https:\/\/www.grabadosquevedo.cl\/sitio\/wp-json\/wp\/v2\/pages\/1469\/revisions"}],"predecessor-version":[{"id":3257,"href":"https:\/\/www.grabadosquevedo.cl\/sitio\/wp-json\/wp\/v2\/pages\/1469\/revisions\/3257"}],"wp:attachment":[{"href":"https:\/\/www.grabadosquevedo.cl\/sitio\/wp-json\/wp\/v2\/media?parent=1469"}],"curies":[{"name":"wp","href":"https:\/\/api.w.org\/{rel}","templated":true}]}}